{"id":805,"date":"2024-03-15T08:45:20","date_gmt":"2024-03-15T07:45:20","guid":{"rendered":"https:\/\/the-style-police.com\/?page_id=805"},"modified":"2024-04-23T19:53:54","modified_gmt":"2024-04-23T17:53:54","slug":"3d-latvanytervezes","status":"publish","type":"page","link":"https:\/\/the-style-police.com\/en\/3d-latvanytervezes\/","title":{"rendered":"3D visual design"},"content":{"rendered":"<p>[et_pb_section fb_built=&#8221;1&#8243; admin_label=&#8221;Header&#8221; _builder_version=&#8221;4.24.2&#8243; _module_preset=&#8221;default&#8221; background_enable_color=&#8221;off&#8221; background_color_gradient_direction=&#8221;90deg&#8221; background_image=&#8221;https:\/\/the-style-police.com\/wp-content\/uploads\/2024\/03\/3D_latvanytervezes.webp&#8221; height=&#8221;100vh&#8221; overflow-x=&#8221;hidden&#8221; overflow-y=&#8221;hidden&#8221; custom_padding=&#8221;0px||0px||false|false&#8221; global_colors_info=&#8221;{%22gcid-69e972fe-da24-4a3a-ae69-014a9d9ad22b%22:%91%22colorStart%22%93}&#8221;][et_pb_row _builder_version=&#8221;4.24.2&#8243; _module_preset=&#8221;default&#8221; custom_margin=&#8221;10%|||10%|false|false&#8221; global_colors_info=&#8221;{}&#8221;][et_pb_column type=&#8221;4_4&#8243; _builder_version=&#8221;4.24.2&#8243; _module_preset=&#8221;default&#8221; global_colors_info=&#8221;{}&#8221;][et_pb_text _builder_version=&#8221;4.25.0&#8243; _module_preset=&#8221;e598b17a-9229-42f6-b238-019d6094332e&#8221; text_text_color=&#8221;#FFFFFF&#8221; text_font_size=&#8221;18px&#8221; header_font=&#8221;Jura||||||||&#8221; header_text_color=&#8221;#FFFFFF&#8221; header_font_size=&#8221;50px&#8221; header_line_height=&#8221;1.1em&#8221; background_enable_color=&#8221;off&#8221; background_enable_image=&#8221;off&#8221; background_size=&#8221;initial&#8221; background_position=&#8221;top_right&#8221; custom_margin=&#8221;||||false|false&#8221; header_font_size_tablet=&#8221;50px&#8221; header_font_size_phone=&#8221;30px&#8221; header_font_size_last_edited=&#8221;on|phone&#8221; header_line_height_tablet=&#8221;1.2em&#8221; header_line_height_phone=&#8221;1.2em&#8221; header_line_height_last_edited=&#8221;on|desktop&#8221; box_shadow_style=&#8221;preset6&#8243; box_shadow_spread=&#8221;80px&#8221; locked=&#8221;off&#8221; global_colors_info=&#8221;{}&#8221;]<\/p>\n<h1>3D visual design<\/h1>\n<p>Creation of 3D visual plans based on an on-site survey, even with individual furniture and lighting design. Follow-up of the project until its realization, interior design supervision.<\/p>\n<p>[\/et_pb_text][\/et_pb_column][\/et_pb_row][\/et_pb_section][et_pb_section fb_built=&#8221;1&#8243; admin_label=&#8221;Details&#8221; _builder_version=&#8221;4.16&#8243; _module_preset=&#8221;default&#8221; background_color=&#8221;#FFFAF4&#8243; custom_padding=&#8221;0px||||false|false&#8221; global_colors_info=&#8221;{}&#8221;][et_pb_row _builder_version=&#8221;4.24.2&#8243; _module_preset=&#8221;default&#8221; global_colors_info=&#8221;{}&#8221;][et_pb_column type=&#8221;4_4&#8243; _builder_version=&#8221;4.24.2&#8243; _module_preset=&#8221;default&#8221; global_colors_info=&#8221;{}&#8221;][et_pb_gallery gallery_ids=&#8221;807,809,810,811,812,813,814,815,816,817,818,819,820,821,822,823,824,826,827,828,829,830,831,833&#8243; posts_number=&#8221;12&#8243; orientation=&#8221;portrait&#8221; show_title_and_caption=&#8221;off&#8221; _builder_version=&#8221;4.24.2&#8243; _module_preset=&#8221;default&#8221; global_colors_info=&#8221;{}&#8221;][\/et_pb_gallery][\/et_pb_column][\/et_pb_row][\/et_pb_section]<\/p>","protected":false},"excerpt":{"rendered":"<p>3D l\u00e1tv\u00e1nytervez\u00e9s Helysz\u00edni felm\u00e9r\u00e9s alapj\u00e1n 3d l\u00e1tv\u00e1nytervek k\u00e9sz\u00edt\u00e9se, ak\u00e1r egyedi b\u00fator-\u00e9s vil\u00e1g\u00edt\u00e1stervez\u00e9ssel. A projekt v\u00e9gigk\u00eds\u00e9r\u00e9se a megval\u00f3sul\u00e1sig, bels\u0151\u00e9p\u00edt\u00e9szeti m\u0171vezet\u00e9s.<\/p>","protected":false},"author":1,"featured_media":0,"parent":0,"menu_order":0,"comment_status":"closed","ping_status":"closed","template":"","meta":{"_et_pb_use_builder":"on","_et_pb_old_content":"","_et_gb_content_width":"","footnotes":""},"class_list":["post-805","page","type-page","status-publish","hentry"],"yoast_head":"<!-- This site is optimized with the Yoast SEO Premium plugin v23.1 (Yoast SEO v25.6) - https:\/\/yoast.com\/wordpress\/plugins\/seo\/ -->\n<title>3D l\u00e1tv\u00e1nytervez\u00e9s - TheStylePolice<\/title>\n<meta name=\"robots\" content=\"index, follow, max-snippet:-1, max-image-preview:large, max-video-preview:-1\" \/>\n<link rel=\"canonical\" href=\"https:\/\/the-style-police.com\/en\/3d-latvanytervezes\/\" \/>\n<meta property=\"og:locale\" content=\"en_GB\" \/>\n<meta property=\"og:type\" content=\"article\" \/>\n<meta property=\"og:title\" content=\"3D l\u00e1tv\u00e1nytervez\u00e9s\" \/>\n<meta property=\"og:description\" content=\"3D l\u00e1tv\u00e1nytervez\u00e9s Helysz\u00edni felm\u00e9r\u00e9s alapj\u00e1n 3d l\u00e1tv\u00e1nytervek k\u00e9sz\u00edt\u00e9se, ak\u00e1r egyedi b\u00fator-\u00e9s vil\u00e1g\u00edt\u00e1stervez\u00e9ssel. A projekt v\u00e9gigk\u00eds\u00e9r\u00e9se a megval\u00f3sul\u00e1sig, bels\u0151\u00e9p\u00edt\u00e9szeti m\u0171vezet\u00e9s.\" \/>\n<meta property=\"og:url\" content=\"https:\/\/the-style-police.com\/en\/3d-latvanytervezes\/\" \/>\n<meta property=\"og:site_name\" content=\"TheStylePolice\" \/>\n<meta property=\"article:modified_time\" content=\"2024-04-23T17:53:54+00:00\" \/>\n<meta name=\"twitter:card\" content=\"summary_large_image\" \/>\n<meta name=\"twitter:label1\" content=\"Estimated reading time\" \/>\n\t<meta name=\"twitter:data1\" content=\"2 minutes\" \/>\n<script type=\"application\/ld+json\" class=\"yoast-schema-graph\">{\"@context\":\"https:\/\/schema.org\",\"@graph\":[{\"@type\":\"WebPage\",\"@id\":\"https:\/\/the-style-police.com\/3d-latvanytervezes\/\",\"url\":\"https:\/\/the-style-police.com\/3d-latvanytervezes\/\",\"name\":\"3D l\u00e1tv\u00e1nytervez\u00e9s - TheStylePolice\",\"isPartOf\":{\"@id\":\"https:\/\/the-style-police.com\/#website\"},\"datePublished\":\"2024-03-15T07:45:20+00:00\",\"dateModified\":\"2024-04-23T17:53:54+00:00\",\"breadcrumb\":{\"@id\":\"https:\/\/the-style-police.com\/3d-latvanytervezes\/#breadcrumb\"},\"inLanguage\":\"en-GB\",\"potentialAction\":[{\"@type\":\"ReadAction\",\"target\":[\"https:\/\/the-style-police.com\/3d-latvanytervezes\/\"]}]},{\"@type\":\"BreadcrumbList\",\"@id\":\"https:\/\/the-style-police.com\/3d-latvanytervezes\/#breadcrumb\",\"itemListElement\":[{\"@type\":\"ListItem\",\"position\":1,\"name\":\"Home\",\"item\":\"https:\/\/the-style-police.com\/\"},{\"@type\":\"ListItem\",\"position\":2,\"name\":\"3D l\u00e1tv\u00e1nytervez\u00e9s\"}]},{\"@type\":\"WebSite\",\"@id\":\"https:\/\/the-style-police.com\/#website\",\"url\":\"https:\/\/the-style-police.com\/\",\"name\":\"TheStylePolice\",\"description\":\"Against Visual Crimes\",\"potentialAction\":[{\"@type\":\"SearchAction\",\"target\":{\"@type\":\"EntryPoint\",\"urlTemplate\":\"https:\/\/the-style-police.com\/?s={search_term_string}\"},\"query-input\":{\"@type\":\"PropertyValueSpecification\",\"valueRequired\":true,\"valueName\":\"search_term_string\"}}],\"inLanguage\":\"en-GB\"}]}<\/script>\n<!-- \/ Yoast SEO Premium plugin. -->","yoast_head_json":{"title":"3D l\u00e1tv\u00e1nytervez\u00e9s - TheStylePolice","robots":{"index":"index","follow":"follow","max-snippet":"max-snippet:-1","max-image-preview":"max-image-preview:large","max-video-preview":"max-video-preview:-1"},"canonical":"https:\/\/the-style-police.com\/en\/3d-latvanytervezes\/","og_locale":"en_GB","og_type":"article","og_title":"3D l\u00e1tv\u00e1nytervez\u00e9s","og_description":"3D l\u00e1tv\u00e1nytervez\u00e9s Helysz\u00edni felm\u00e9r\u00e9s alapj\u00e1n 3d l\u00e1tv\u00e1nytervek k\u00e9sz\u00edt\u00e9se, ak\u00e1r egyedi b\u00fator-\u00e9s vil\u00e1g\u00edt\u00e1stervez\u00e9ssel. A projekt v\u00e9gigk\u00eds\u00e9r\u00e9se a megval\u00f3sul\u00e1sig, bels\u0151\u00e9p\u00edt\u00e9szeti m\u0171vezet\u00e9s.","og_url":"https:\/\/the-style-police.com\/en\/3d-latvanytervezes\/","og_site_name":"TheStylePolice","article_modified_time":"2024-04-23T17:53:54+00:00","twitter_card":"summary_large_image","twitter_misc":{"Estimated reading time":"2 minutes"},"schema":{"@context":"https:\/\/schema.org","@graph":[{"@type":"WebPage","@id":"https:\/\/the-style-police.com\/3d-latvanytervezes\/","url":"https:\/\/the-style-police.com\/3d-latvanytervezes\/","name":"3D l\u00e1tv\u00e1nytervez\u00e9s - TheStylePolice","isPartOf":{"@id":"https:\/\/the-style-police.com\/#website"},"datePublished":"2024-03-15T07:45:20+00:00","dateModified":"2024-04-23T17:53:54+00:00","breadcrumb":{"@id":"https:\/\/the-style-police.com\/3d-latvanytervezes\/#breadcrumb"},"inLanguage":"en-GB","potentialAction":[{"@type":"ReadAction","target":["https:\/\/the-style-police.com\/3d-latvanytervezes\/"]}]},{"@type":"BreadcrumbList","@id":"https:\/\/the-style-police.com\/3d-latvanytervezes\/#breadcrumb","itemListElement":[{"@type":"ListItem","position":1,"name":"Home","item":"https:\/\/the-style-police.com\/"},{"@type":"ListItem","position":2,"name":"3D l\u00e1tv\u00e1nytervez\u00e9s"}]},{"@type":"WebSite","@id":"https:\/\/the-style-police.com\/#website","url":"https:\/\/the-style-police.com\/","name":"TheStylePolice","description":"Against Visual Crimes","potentialAction":[{"@type":"SearchAction","target":{"@type":"EntryPoint","urlTemplate":"https:\/\/the-style-police.com\/?s={search_term_string}"},"query-input":{"@type":"PropertyValueSpecification","valueRequired":true,"valueName":"search_term_string"}}],"inLanguage":"en-GB"}]}},"_links":{"self":[{"href":"https:\/\/the-style-police.com\/en\/wp-json\/wp\/v2\/pages\/805"}],"collection":[{"href":"https:\/\/the-style-police.com\/en\/wp-json\/wp\/v2\/pages"}],"about":[{"href":"https:\/\/the-style-police.com\/en\/wp-json\/wp\/v2\/types\/page"}],"author":[{"embeddable":true,"href":"https:\/\/the-style-police.com\/en\/wp-json\/wp\/v2\/users\/1"}],"replies":[{"embeddable":true,"href":"https:\/\/the-style-police.com\/en\/wp-json\/wp\/v2\/comments?post=805"}],"version-history":[{"count":5,"href":"https:\/\/the-style-police.com\/en\/wp-json\/wp\/v2\/pages\/805\/revisions"}],"predecessor-version":[{"id":992,"href":"https:\/\/the-style-police.com\/en\/wp-json\/wp\/v2\/pages\/805\/revisions\/992"}],"wp:attachment":[{"href":"https:\/\/the-style-police.com\/en\/wp-json\/wp\/v2\/media?parent=805"}],"curies":[{"name":"wp","href":"https:\/\/api.w.org\/{rel}","templated":true}]}}