{"id":797,"date":"2024-03-15T08:28:34","date_gmt":"2024-03-15T07:28:34","guid":{"rendered":"https:\/\/the-style-police.com\/?page_id=797"},"modified":"2024-05-08T22:03:38","modified_gmt":"2024-05-08T20:03:38","slug":"kavezo-etterem-arculattervezes-enteriordizajn","status":"publish","type":"page","link":"https:\/\/the-style-police.com\/en\/kavezo-etterem-arculattervezes-enteriordizajn\/","title":{"rendered":"Cafe, restaurant image design, interior design"},"content":{"rendered":"<p>[et_pb_section fb_built=&#8221;1&#8243; admin_label=&#8221;Header&#8221; _builder_version=&#8221;4.24.2&#8243; _module_preset=&#8221;default&#8221; background_enable_color=&#8221;off&#8221; background_color_gradient_direction=&#8221;90deg&#8221; background_image=&#8221;https:\/\/the-style-police.com\/wp-content\/uploads\/2024\/03\/enteriordizajn.webp&#8221; height=&#8221;100vh&#8221; overflow-x=&#8221;hidden&#8221; overflow-y=&#8221;hidden&#8221; custom_padding=&#8221;0px||0px||false|false&#8221; global_colors_info=&#8221;{%22gcid-69e972fe-da24-4a3a-ae69-014a9d9ad22b%22:%91%22colorStart%22%93}&#8221;][et_pb_row _builder_version=&#8221;4.24.2&#8243; _module_preset=&#8221;default&#8221; custom_margin=&#8221;10%|||10%|false|false&#8221; global_colors_info=&#8221;{}&#8221;][et_pb_column type=&#8221;4_4&#8243; _builder_version=&#8221;4.24.2&#8243; _module_preset=&#8221;default&#8221; global_colors_info=&#8221;{}&#8221;][et_pb_text _builder_version=&#8221;4.25.0&#8243; _module_preset=&#8221;e598b17a-9229-42f6-b238-019d6094332e&#8221; text_text_color=&#8221;#FFFFFF&#8221; text_font_size=&#8221;18px&#8221; header_font=&#8221;Jura||||||||&#8221; header_text_color=&#8221;#FFFFFF&#8221; header_font_size=&#8221;50px&#8221; header_line_height=&#8221;1.1em&#8221; background_enable_color=&#8221;off&#8221; background_enable_image=&#8221;off&#8221; background_size=&#8221;initial&#8221; background_position=&#8221;top_right&#8221; custom_margin=&#8221;||||false|false&#8221; header_font_size_tablet=&#8221;50px&#8221; header_font_size_phone=&#8221;30px&#8221; header_font_size_last_edited=&#8221;on|phone&#8221; header_line_height_tablet=&#8221;1.2em&#8221; header_line_height_phone=&#8221;1.2em&#8221; header_line_height_last_edited=&#8221;on|desktop&#8221; box_shadow_style=&#8221;preset6&#8243; box_shadow_spread=&#8221;80px&#8221; locked=&#8221;off&#8221; global_colors_info=&#8221;{}&#8221;]<\/p>\n<h1><span>Cafe, restaurant image design, interior design<\/span><\/h1>\n<p>We offer specialized services in the image design and interior design of cafes and restaurants.<\/p>\n<p>[\/et_pb_text][\/et_pb_column][\/et_pb_row][\/et_pb_section][et_pb_section fb_built=&#8221;1&#8243; admin_label=&#8221;Header&#8221; _builder_version=&#8221;4.16&#8243; _module_preset=&#8221;default&#8221; background_color=&#8221;#FFFAF4&#8243; overflow-x=&#8221;hidden&#8221; overflow-y=&#8221;hidden&#8221; custom_padding=&#8221;0px||0px||true|false&#8221; global_colors_info=&#8221;{}&#8221;][et_pb_row _builder_version=&#8221;4.24.2&#8243; _module_preset=&#8221;default&#8221; global_colors_info=&#8221;{}&#8221;][et_pb_column type=&#8221;4_4&#8243; _builder_version=&#8221;4.24.2&#8243; _module_preset=&#8221;default&#8221; global_colors_info=&#8221;{}&#8221;][et_pb_text _builder_version=&#8221;4.25.0&#8243; _module_preset=&#8221;7262e956-c376-4aa6-9642-c413f71527d0&#8243; text_font_size=&#8221;18px&#8221; text_line_height=&#8221;1.8em&#8221; custom_margin=&#8221;30px||||false|false&#8221; hover_enabled=&#8221;0&#8243; text_font_size_tablet=&#8221;&#8221; text_font_size_phone=&#8221;13px&#8221; text_font_size_last_edited=&#8221;on|phone&#8221; header_font_size_tablet=&#8221;55px&#8221; header_font_size_last_edited=&#8221;off|desktop&#8221; locked=&#8221;off&#8221; global_colors_info=&#8221;{}&#8221; sticky_enabled=&#8221;0&#8243;]A k\u00fcl\u00f6nleges terek kialak\u00edt\u00e1s\u00e1n t\u00fal olyan hangulat megteremt\u00e9se, ahol egyszer\u0171en j\u00f3 elid\u0151zni, a lelk\u00fcnk is megpihen, mintha otthon lenn\u00e9nk.<br \/>\n[\/et_pb_text][\/et_pb_column][\/et_pb_row][\/et_pb_section][et_pb_section fb_built=&#8221;1&#8243; admin_label=&#8221;Projects&#8221; _builder_version=&#8221;4.16&#8243; _module_preset=&#8221;default&#8221; background_color=&#8221;#FFFAF4&#8243; custom_padding=&#8221;0px||||false|false&#8221; global_colors_info=&#8221;{%22gcid-3d886ef6-8731-4e14-8402-fb3e08bbe225%22:%91%22background_color%22%93}&#8221;][et_pb_row column_structure=&#8221;1_3,1_3,1_3&#8243; _builder_version=&#8221;4.24.2&#8243; _module_preset=&#8221;default&#8221; global_colors_info=&#8221;{}&#8221;][et_pb_column type=&#8221;1_3&#8243; _builder_version=&#8221;4.16&#8243; _module_preset=&#8221;default&#8221; use_background_color_gradient=&#8221;on&#8221; background_color_gradient_stops=&#8221;#ffffff 70%|#fffaf4 70%&#8221; background_color_gradient_start=&#8221;#ffffff&#8221; background_color_gradient_start_position=&#8221;70%&#8221; background_color_gradient_end=&#8221;#fffaf4&#8243; background_color_gradient_end_position=&#8221;70%&#8221; custom_padding=&#8221;40px|40px|40px|40px|true|true&#8221; custom_padding_tablet=&#8221;30px|30px|30px|30px|true|true&#8221; custom_padding_phone=&#8221;20px|20px|20px|20px|true|true&#8221; custom_padding_last_edited=&#8221;on|phone&#8221; global_colors_info=&#8221;{}&#8221;][et_pb_text _builder_version=&#8221;4.24.2&#8243; _module_preset=&#8221;38128ce4-78a8-4c45-b3ff-f4fb37f074f0&#8243; header_font=&#8221;||||||||&#8221; header_4_font=&#8221;||||||||&#8221; header_4_text_color=&#8221;#000000&#8243; header_4_font_size=&#8221;20px&#8221; header_4_line_height=&#8221;1.4em&#8221; custom_margin=&#8221;||0px||false|false&#8221; header_4_font_size_tablet=&#8221;18px&#8221; header_4_font_size_phone=&#8221;16px&#8221; header_4_font_size_last_edited=&#8221;on|desktop&#8221; locked=&#8221;off&#8221; global_colors_info=&#8221;{}&#8221;]<\/p>\n<h4><span>Depresso Kitchen Restaurant \u2013 Eger, 2018.<\/span><\/h4>\n<p>[\/et_pb_text][et_pb_image src=&#8221;https:\/\/the-style-police.com\/wp-content\/uploads\/2024\/03\/Depresso.webp&#8221; title_text=&#8221;Depresso&#8221; _builder_version=&#8221;4.24.2&#8243; _module_preset=&#8221;default&#8221; global_colors_info=&#8221;{}&#8221;][\/et_pb_image][et_pb_button button_url=&#8221;\/project\/depresso-kitchen-etterem-eger-2018\/&#8221; button_text=&#8221;Projekt megtekint\u00e9se&#8221; _builder_version=&#8221;4.24.2&#8243; _module_preset=&#8221;f05bba5e-c4ed-4d16-99f6-de883c2b94d5&#8243; custom_button=&#8221;on&#8221; button_text_size=&#8221;12px&#8221; button_text_color=&#8221;#000000&#8243; button_bg_color=&#8221;RGBA(0,0,0,0)&#8221; button_bg_image=&#8221;https:\/\/the-style-police.com\/wp-content\/uploads\/2024\/02\/home-staging_93.png&#8221; button_bg_size=&#8221;initial&#8221; button_bg_position=&#8221;center_right&#8221; button_border_width=&#8221;0px&#8221; button_border_color=&#8221;RGBA(0,0,0,0)&#8221; button_border_radius=&#8221;0px&#8221; button_letter_spacing=&#8221;3px&#8221; button_font=&#8221;|700||on|||||&#8221; button_use_icon=&#8221;off&#8221; custom_padding=&#8221;|54px||0px|false|false&#8221; locked=&#8221;off&#8221; global_colors_info=&#8221;{}&#8221;][\/et_pb_button][\/et_pb_column][et_pb_column type=&#8221;1_3&#8243; _builder_version=&#8221;4.16&#8243; _module_preset=&#8221;default&#8221; use_background_color_gradient=&#8221;on&#8221; background_color_gradient_stops=&#8221;#ffffff 70%|#fffaf4 70%&#8221; background_color_gradient_start=&#8221;#ffffff&#8221; background_color_gradient_start_position=&#8221;70%&#8221; background_color_gradient_end=&#8221;#fffaf4&#8243; background_color_gradient_end_position=&#8221;70%&#8221; custom_padding=&#8221;40px|40px|40px|40px|true|true&#8221; custom_padding_tablet=&#8221;30px|30px|30px|30px|true|true&#8221; custom_padding_phone=&#8221;20px|20px|20px|20px|true|true&#8221; custom_padding_last_edited=&#8221;on|phone&#8221; global_colors_info=&#8221;{}&#8221;][et_pb_text _builder_version=&#8221;4.24.2&#8243; _module_preset=&#8221;38128ce4-78a8-4c45-b3ff-f4fb37f074f0&#8243; header_font=&#8221;||||||||&#8221; header_4_font=&#8221;||||||||&#8221; header_4_text_color=&#8221;#000000&#8243; header_4_font_size=&#8221;20px&#8221; header_4_line_height=&#8221;1.4em&#8221; custom_margin=&#8221;||0px||false|false&#8221; header_4_font_size_tablet=&#8221;18px&#8221; header_4_font_size_phone=&#8221;16px&#8221; header_4_font_size_last_edited=&#8221;on|desktop&#8221; locked=&#8221;off&#8221; global_colors_info=&#8221;{}&#8221;]<\/p>\n<h4><span>MyThai Sushi Bar &#8211; Kecskem\u00e9t, 2020.<\/span><\/h4>\n<p>[\/et_pb_text][et_pb_image src=&#8221;https:\/\/the-style-police.com\/wp-content\/uploads\/2024\/03\/MyThai-Sushi-Bar.webp&#8221; title_text=&#8221;MyThai Sushi Bar&#8221; _builder_version=&#8221;4.24.2&#8243; _module_preset=&#8221;default&#8221; global_colors_info=&#8221;{}&#8221;][\/et_pb_image][et_pb_button button_url=&#8221;\/project\/mythai-sushi-bar-kecskemet-2020\/&#8221; button_text=&#8221;Projekt megtekint\u00e9se&#8221; _builder_version=&#8221;4.24.2&#8243; _module_preset=&#8221;f05bba5e-c4ed-4d16-99f6-de883c2b94d5&#8243; custom_button=&#8221;on&#8221; button_text_size=&#8221;12px&#8221; button_text_color=&#8221;#000000&#8243; button_bg_color=&#8221;RGBA(0,0,0,0)&#8221; button_bg_image=&#8221;https:\/\/the-style-police.com\/wp-content\/uploads\/2024\/02\/home-staging_93.png&#8221; button_bg_size=&#8221;initial&#8221; button_bg_position=&#8221;center_right&#8221; button_border_width=&#8221;0px&#8221; button_border_color=&#8221;RGBA(0,0,0,0)&#8221; button_border_radius=&#8221;0px&#8221; button_letter_spacing=&#8221;3px&#8221; button_font=&#8221;|700||on|||||&#8221; button_use_icon=&#8221;off&#8221; custom_padding=&#8221;|54px||0px|false|false&#8221; locked=&#8221;off&#8221; global_colors_info=&#8221;{}&#8221;][\/et_pb_button][\/et_pb_column][et_pb_column type=&#8221;1_3&#8243; _builder_version=&#8221;4.16&#8243; _module_preset=&#8221;default&#8221; use_background_color_gradient=&#8221;on&#8221; background_color_gradient_stops=&#8221;#ffffff 70%|#fffaf4 70%&#8221; background_color_gradient_start=&#8221;#ffffff&#8221; background_color_gradient_start_position=&#8221;70%&#8221; background_color_gradient_end=&#8221;#fffaf4&#8243; background_color_gradient_end_position=&#8221;70%&#8221; custom_padding=&#8221;40px|40px|40px|40px|true|true&#8221; custom_padding_tablet=&#8221;30px|30px|30px|30px|true|true&#8221; custom_padding_phone=&#8221;20px|20px|20px|20px|true|true&#8221; custom_padding_last_edited=&#8221;on|phone&#8221; global_colors_info=&#8221;{}&#8221;][et_pb_text _builder_version=&#8221;4.24.2&#8243; _module_preset=&#8221;38128ce4-78a8-4c45-b3ff-f4fb37f074f0&#8243; header_font=&#8221;||||||||&#8221; header_4_font=&#8221;||||||||&#8221; header_4_text_color=&#8221;#000000&#8243; header_4_font_size=&#8221;20px&#8221; header_4_line_height=&#8221;1.4em&#8221; custom_margin=&#8221;||0px||false|false&#8221; header_4_font_size_tablet=&#8221;18px&#8221; header_4_font_size_phone=&#8221;16px&#8221; header_4_font_size_last_edited=&#8221;on|desktop&#8221; locked=&#8221;off&#8221; global_colors_info=&#8221;{}&#8221;]<\/p>\n<h4><span>KNRDY Steakhouse &#8211; Budapest, 2019.<\/span><\/h4>\n<p>[\/et_pb_text][et_pb_image src=&#8221;https:\/\/the-style-police.com\/wp-content\/uploads\/2024\/03\/knrd.webp&#8221; title_text=&#8221;knrd&#8221; _builder_version=&#8221;4.24.2&#8243; _module_preset=&#8221;default&#8221; global_colors_info=&#8221;{}&#8221;][\/et_pb_image][et_pb_button button_url=&#8221;\/project\/knrdy-steakhouse-budapest-2019\/&#8221; button_text=&#8221;Projekt megtekint\u00e9se&#8221; _builder_version=&#8221;4.24.2&#8243; _module_preset=&#8221;f05bba5e-c4ed-4d16-99f6-de883c2b94d5&#8243; custom_button=&#8221;on&#8221; button_text_size=&#8221;12px&#8221; button_text_color=&#8221;#000000&#8243; button_bg_color=&#8221;RGBA(0,0,0,0)&#8221; button_bg_image=&#8221;https:\/\/the-style-police.com\/wp-content\/uploads\/2024\/02\/home-staging_93.png&#8221; button_bg_size=&#8221;initial&#8221; button_bg_position=&#8221;center_right&#8221; button_border_width=&#8221;0px&#8221; button_border_color=&#8221;RGBA(0,0,0,0)&#8221; button_border_radius=&#8221;0px&#8221; button_letter_spacing=&#8221;3px&#8221; button_font=&#8221;|700||on|||||&#8221; button_use_icon=&#8221;off&#8221; custom_padding=&#8221;|54px||0px|false|false&#8221; locked=&#8221;off&#8221; global_colors_info=&#8221;{}&#8221;][\/et_pb_button][\/et_pb_column][\/et_pb_row][\/et_pb_section]<\/p>","protected":false},"excerpt":{"rendered":"<p>K\u00e1v\u00e9z\u00f3, \u00e9tterem arculattervez\u00e9s, enteri\u0151rdiz\u00e1jn Specializ\u00e1l\u00f3dott szolg\u00e1ltat\u00e1sokat k\u00edn\u00e1lunk k\u00e1v\u00e9z\u00f3k \u00e9s \u00e9ttermek arculattervez\u00e9s\u00e9ben \u00e9s enteri\u0151rdiz\u00e1jnban.A k\u00fcl\u00f6nleges terek kialak\u00edt\u00e1s\u00e1n t\u00fal olyan hangulat megteremt\u00e9se, ahol egyszer\u0171en j\u00f3 elid\u0151zni, a lelk\u00fcnk is megpihen, mintha otthon lenn\u00e9nk. Depresso Kitchen \u00c9tterem &#8211; Eger, 2018.MyThai Sushi Bar &#8211; Kecskem\u00e9t, 2020.KNRDY Steakhouse &#8211; Budapest, 2019.<\/p>","protected":false},"author":1,"featured_media":0,"parent":0,"menu_order":0,"comment_status":"closed","ping_status":"closed","template":"","meta":{"_et_pb_use_builder":"on","_et_pb_old_content":"","_et_gb_content_width":"","footnotes":""},"class_list":["post-797","page","type-page","status-publish","hentry"],"yoast_head":"<!-- This site is optimized with the Yoast SEO Premium plugin v23.1 (Yoast SEO v25.6) - https:\/\/yoast.com\/wordpress\/plugins\/seo\/ -->\n<title>K\u00e1v\u00e9z\u00f3, \u00e9tterem arculattervez\u00e9s, enteri\u0151rdiz\u00e1jn - TheStylePolice<\/title>\n<meta name=\"robots\" content=\"index, follow, max-snippet:-1, max-image-preview:large, max-video-preview:-1\" \/>\n<link rel=\"canonical\" href=\"https:\/\/the-style-police.com\/en\/kavezo-etterem-arculattervezes-enteriordizajn\/\" \/>\n<meta property=\"og:locale\" content=\"en_GB\" \/>\n<meta property=\"og:type\" content=\"article\" \/>\n<meta property=\"og:title\" content=\"K\u00e1v\u00e9z\u00f3, \u00e9tterem arculattervez\u00e9s, enteri\u0151rdiz\u00e1jn\" \/>\n<meta property=\"og:description\" content=\"K\u00e1v\u00e9z\u00f3, \u00e9tterem arculattervez\u00e9s, enteri\u0151rdiz\u00e1jn Specializ\u00e1l\u00f3dott szolg\u00e1ltat\u00e1sokat k\u00edn\u00e1lunk k\u00e1v\u00e9z\u00f3k \u00e9s \u00e9ttermek arculattervez\u00e9s\u00e9ben \u00e9s enteri\u0151rdiz\u00e1jnban.A k\u00fcl\u00f6nleges terek kialak\u00edt\u00e1s\u00e1n t\u00fal olyan hangulat megteremt\u00e9se, ahol egyszer\u0171en j\u00f3 elid\u0151zni, a lelk\u00fcnk is megpihen, mintha otthon lenn\u00e9nk. Depresso Kitchen \u00c9tterem - Eger, 2018.MyThai Sushi Bar - Kecskem\u00e9t, 2020.KNRDY Steakhouse - Budapest, 2019.\" \/>\n<meta property=\"og:url\" content=\"https:\/\/the-style-police.com\/en\/kavezo-etterem-arculattervezes-enteriordizajn\/\" \/>\n<meta property=\"og:site_name\" content=\"TheStylePolice\" \/>\n<meta property=\"article:modified_time\" content=\"2024-05-08T20:03:38+00:00\" \/>\n<meta name=\"twitter:card\" content=\"summary_large_image\" \/>\n<meta name=\"twitter:label1\" content=\"Estimated reading time\" \/>\n\t<meta name=\"twitter:data1\" content=\"6 minutes\" \/>\n<script type=\"application\/ld+json\" class=\"yoast-schema-graph\">{\"@context\":\"https:\/\/schema.org\",\"@graph\":[{\"@type\":\"WebPage\",\"@id\":\"https:\/\/the-style-police.com\/kavezo-etterem-arculattervezes-enteriordizajn\/\",\"url\":\"https:\/\/the-style-police.com\/kavezo-etterem-arculattervezes-enteriordizajn\/\",\"name\":\"K\u00e1v\u00e9z\u00f3, \u00e9tterem arculattervez\u00e9s, enteri\u0151rdiz\u00e1jn - TheStylePolice\",\"isPartOf\":{\"@id\":\"https:\/\/the-style-police.com\/#website\"},\"datePublished\":\"2024-03-15T07:28:34+00:00\",\"dateModified\":\"2024-05-08T20:03:38+00:00\",\"breadcrumb\":{\"@id\":\"https:\/\/the-style-police.com\/kavezo-etterem-arculattervezes-enteriordizajn\/#breadcrumb\"},\"inLanguage\":\"en-GB\",\"potentialAction\":[{\"@type\":\"ReadAction\",\"target\":[\"https:\/\/the-style-police.com\/kavezo-etterem-arculattervezes-enteriordizajn\/\"]}]},{\"@type\":\"BreadcrumbList\",\"@id\":\"https:\/\/the-style-police.com\/kavezo-etterem-arculattervezes-enteriordizajn\/#breadcrumb\",\"itemListElement\":[{\"@type\":\"ListItem\",\"position\":1,\"name\":\"Home\",\"item\":\"https:\/\/the-style-police.com\/\"},{\"@type\":\"ListItem\",\"position\":2,\"name\":\"K\u00e1v\u00e9z\u00f3, \u00e9tterem arculattervez\u00e9s, enteri\u0151rdiz\u00e1jn\"}]},{\"@type\":\"WebSite\",\"@id\":\"https:\/\/the-style-police.com\/#website\",\"url\":\"https:\/\/the-style-police.com\/\",\"name\":\"TheStylePolice\",\"description\":\"Against Visual Crimes\",\"potentialAction\":[{\"@type\":\"SearchAction\",\"target\":{\"@type\":\"EntryPoint\",\"urlTemplate\":\"https:\/\/the-style-police.com\/?s={search_term_string}\"},\"query-input\":{\"@type\":\"PropertyValueSpecification\",\"valueRequired\":true,\"valueName\":\"search_term_string\"}}],\"inLanguage\":\"en-GB\"}]}<\/script>\n<!-- \/ Yoast SEO Premium plugin. -->","yoast_head_json":{"title":"K\u00e1v\u00e9z\u00f3, \u00e9tterem arculattervez\u00e9s, enteri\u0151rdiz\u00e1jn - TheStylePolice","robots":{"index":"index","follow":"follow","max-snippet":"max-snippet:-1","max-image-preview":"max-image-preview:large","max-video-preview":"max-video-preview:-1"},"canonical":"https:\/\/the-style-police.com\/en\/kavezo-etterem-arculattervezes-enteriordizajn\/","og_locale":"en_GB","og_type":"article","og_title":"K\u00e1v\u00e9z\u00f3, \u00e9tterem arculattervez\u00e9s, enteri\u0151rdiz\u00e1jn","og_description":"K\u00e1v\u00e9z\u00f3, \u00e9tterem arculattervez\u00e9s, enteri\u0151rdiz\u00e1jn Specializ\u00e1l\u00f3dott szolg\u00e1ltat\u00e1sokat k\u00edn\u00e1lunk k\u00e1v\u00e9z\u00f3k \u00e9s \u00e9ttermek arculattervez\u00e9s\u00e9ben \u00e9s enteri\u0151rdiz\u00e1jnban.A k\u00fcl\u00f6nleges terek kialak\u00edt\u00e1s\u00e1n t\u00fal olyan hangulat megteremt\u00e9se, ahol egyszer\u0171en j\u00f3 elid\u0151zni, a lelk\u00fcnk is megpihen, mintha otthon lenn\u00e9nk. Depresso Kitchen \u00c9tterem - Eger, 2018.MyThai Sushi Bar - Kecskem\u00e9t, 2020.KNRDY Steakhouse - Budapest, 2019.","og_url":"https:\/\/the-style-police.com\/en\/kavezo-etterem-arculattervezes-enteriordizajn\/","og_site_name":"TheStylePolice","article_modified_time":"2024-05-08T20:03:38+00:00","twitter_card":"summary_large_image","twitter_misc":{"Estimated reading time":"6 minutes"},"schema":{"@context":"https:\/\/schema.org","@graph":[{"@type":"WebPage","@id":"https:\/\/the-style-police.com\/kavezo-etterem-arculattervezes-enteriordizajn\/","url":"https:\/\/the-style-police.com\/kavezo-etterem-arculattervezes-enteriordizajn\/","name":"K\u00e1v\u00e9z\u00f3, \u00e9tterem arculattervez\u00e9s, enteri\u0151rdiz\u00e1jn - TheStylePolice","isPartOf":{"@id":"https:\/\/the-style-police.com\/#website"},"datePublished":"2024-03-15T07:28:34+00:00","dateModified":"2024-05-08T20:03:38+00:00","breadcrumb":{"@id":"https:\/\/the-style-police.com\/kavezo-etterem-arculattervezes-enteriordizajn\/#breadcrumb"},"inLanguage":"en-GB","potentialAction":[{"@type":"ReadAction","target":["https:\/\/the-style-police.com\/kavezo-etterem-arculattervezes-enteriordizajn\/"]}]},{"@type":"BreadcrumbList","@id":"https:\/\/the-style-police.com\/kavezo-etterem-arculattervezes-enteriordizajn\/#breadcrumb","itemListElement":[{"@type":"ListItem","position":1,"name":"Home","item":"https:\/\/the-style-police.com\/"},{"@type":"ListItem","position":2,"name":"K\u00e1v\u00e9z\u00f3, \u00e9tterem arculattervez\u00e9s, enteri\u0151rdiz\u00e1jn"}]},{"@type":"WebSite","@id":"https:\/\/the-style-police.com\/#website","url":"https:\/\/the-style-police.com\/","name":"TheStylePolice","description":"Against Visual Crimes","potentialAction":[{"@type":"SearchAction","target":{"@type":"EntryPoint","urlTemplate":"https:\/\/the-style-police.com\/?s={search_term_string}"},"query-input":{"@type":"PropertyValueSpecification","valueRequired":true,"valueName":"search_term_string"}}],"inLanguage":"en-GB"}]}},"_links":{"self":[{"href":"https:\/\/the-style-police.com\/en\/wp-json\/wp\/v2\/pages\/797"}],"collection":[{"href":"https:\/\/the-style-police.com\/en\/wp-json\/wp\/v2\/pages"}],"about":[{"href":"https:\/\/the-style-police.com\/en\/wp-json\/wp\/v2\/types\/page"}],"author":[{"embeddable":true,"href":"https:\/\/the-style-police.com\/en\/wp-json\/wp\/v2\/users\/1"}],"replies":[{"embeddable":true,"href":"https:\/\/the-style-police.com\/en\/wp-json\/wp\/v2\/comments?post=797"}],"version-history":[{"count":7,"href":"https:\/\/the-style-police.com\/en\/wp-json\/wp\/v2\/pages\/797\/revisions"}],"predecessor-version":[{"id":1048,"href":"https:\/\/the-style-police.com\/en\/wp-json\/wp\/v2\/pages\/797\/revisions\/1048"}],"wp:attachment":[{"href":"https:\/\/the-style-police.com\/en\/wp-json\/wp\/v2\/media?parent=797"}],"curies":[{"name":"wp","href":"https:\/\/api.w.org\/{rel}","templated":true}]}}