{"id":781,"date":"2024-03-15T08:20:24","date_gmt":"2024-03-15T07:20:24","guid":{"rendered":"https:\/\/the-style-police.com\/?page_id=781"},"modified":"2024-04-23T19:54:20","modified_gmt":"2024-04-23T17:54:20","slug":"irodaterek-kialakitasa","status":"publish","type":"page","link":"https:\/\/the-style-police.com\/en\/irodaterek-kialakitasa\/","title":{"rendered":"Design of office spaces"},"content":{"rendered":"<p>[et_pb_section fb_built=&#8221;1&#8243; admin_label=&#8221;Header&#8221; _builder_version=&#8221;4.24.2&#8243; _module_preset=&#8221;default&#8221; background_enable_color=&#8221;off&#8221; background_color_gradient_direction=&#8221;90deg&#8221; background_image=&#8221;https:\/\/the-style-police.com\/wp-content\/uploads\/2024\/03\/irodaterek_kialakitasa.webp&#8221; height=&#8221;100vh&#8221; overflow-x=&#8221;hidden&#8221; overflow-y=&#8221;hidden&#8221; custom_padding=&#8221;0px||0px||false|false&#8221; global_colors_info=&#8221;{%22gcid-69e972fe-da24-4a3a-ae69-014a9d9ad22b%22:%91%22colorStart%22%93}&#8221;][et_pb_row _builder_version=&#8221;4.24.2&#8243; _module_preset=&#8221;default&#8221; custom_margin=&#8221;10%|||10%|false|false&#8221; global_colors_info=&#8221;{}&#8221;][et_pb_column type=&#8221;4_4&#8243; _builder_version=&#8221;4.24.2&#8243; _module_preset=&#8221;default&#8221; global_colors_info=&#8221;{}&#8221;][et_pb_text _builder_version=&#8221;4.25.0&#8243; _module_preset=&#8221;e598b17a-9229-42f6-b238-019d6094332e&#8221; text_text_color=&#8221;#FFFFFF&#8221; text_font_size=&#8221;18px&#8221; header_font=&#8221;Jura||||||||&#8221; header_text_color=&#8221;#FFFFFF&#8221; header_font_size=&#8221;50px&#8221; header_line_height=&#8221;1.1em&#8221; background_enable_color=&#8221;off&#8221; background_enable_image=&#8221;off&#8221; background_size=&#8221;initial&#8221; background_position=&#8221;top_right&#8221; custom_margin=&#8221;||||false|false&#8221; header_font_size_tablet=&#8221;50px&#8221; header_font_size_phone=&#8221;30px&#8221; header_font_size_last_edited=&#8221;on|phone&#8221; header_line_height_tablet=&#8221;1.2em&#8221; header_line_height_phone=&#8221;1.2em&#8221; header_line_height_last_edited=&#8221;on|desktop&#8221; box_shadow_style=&#8221;preset6&#8243; box_shadow_spread=&#8221;80px&#8221; locked=&#8221;off&#8221; global_colors_info=&#8221;{}&#8221;]<\/p>\n<h1>DELTA TRUCK LTD. \u2013 design of new office space \/\/\/ new office design 2021<\/h1>\n<p>We are available with our expertise and experience in the design of office spaces.<\/p>\n<p>[\/et_pb_text][\/et_pb_column][\/et_pb_row][\/et_pb_section][et_pb_section fb_built=&#8221;1&#8243; admin_label=&#8221;Header&#8221; _builder_version=&#8221;4.16&#8243; _module_preset=&#8221;default&#8221; background_color=&#8221;#FFFAF4&#8243; overflow-x=&#8221;hidden&#8221; overflow-y=&#8221;hidden&#8221; custom_padding=&#8221;0px||0px||true|false&#8221; global_colors_info=&#8221;{}&#8221;][et_pb_row _builder_version=&#8221;4.24.2&#8243; _module_preset=&#8221;default&#8221; global_colors_info=&#8221;{}&#8221;][et_pb_column type=&#8221;4_4&#8243; _builder_version=&#8221;4.24.2&#8243; _module_preset=&#8221;default&#8221; global_colors_info=&#8221;{}&#8221;][et_pb_text _builder_version=&#8221;4.24.2&#8243; _module_preset=&#8221;7262e956-c376-4aa6-9642-c413f71527d0&#8243; text_font_size=&#8221;18px&#8221; text_line_height=&#8221;1.8em&#8221; custom_margin=&#8221;30px||||false|false&#8221; text_font_size_tablet=&#8221;&#8221; text_font_size_phone=&#8221;13px&#8221; text_font_size_last_edited=&#8221;on|phone&#8221; header_font_size_tablet=&#8221;55px&#8221; header_font_size_last_edited=&#8221;off|desktop&#8221; locked=&#8221;off&#8221; global_colors_info=&#8221;{}&#8221;]<\/p>\n<p>Reimagining huge industrial spaces in loft style is a favorite.<\/p>\n<p>Delta-Truck previously used this space as an assembly hangar, and as their office team expanded, it was essential to utilize this space as well.<\/p>\n<p>The features of the space were perfectly suitable for the creation of galleries with a steel structure. The unique lighting solutions, concrete lamps, alternating play of brick and glass walls give the space a loft atmosphere.<\/p>\n<p>[\/et_pb_text][\/et_pb_column][\/et_pb_row][\/et_pb_section][et_pb_section fb_built=&#8221;1&#8243; admin_label=&#8221;Details&#8221; _builder_version=&#8221;4.16&#8243; _module_preset=&#8221;default&#8221; background_color=&#8221;#FFFAF4&#8243; custom_padding=&#8221;0px||||false|false&#8221; global_colors_info=&#8221;{}&#8221;][et_pb_row _builder_version=&#8221;4.24.2&#8243; _module_preset=&#8221;default&#8221; global_colors_info=&#8221;{}&#8221;][et_pb_column type=&#8221;4_4&#8243; _builder_version=&#8221;4.24.2&#8243; _module_preset=&#8221;default&#8221; global_colors_info=&#8221;{}&#8221;][et_pb_gallery gallery_ids=&#8221;786,787,788,789,791,792,793,794&#8243; posts_number=&#8221;8&#8243; orientation=&#8221;portrait&#8221; show_title_and_caption=&#8221;off&#8221; show_pagination=&#8221;off&#8221; _builder_version=&#8221;4.24.2&#8243; _module_preset=&#8221;default&#8221; global_colors_info=&#8221;{}&#8221;][\/et_pb_gallery][\/et_pb_column][\/et_pb_row][\/et_pb_section]<\/p>","protected":false},"excerpt":{"rendered":"<p>DELTA TRUCK KFT. &#8211; \u00faj irodat\u00e9r kialak\u00edt\u00e1sa \/\/\/ new office design 2021 Szak\u00e9rtelm\u00fcnkkel \u00e9s tapasztalatunkkal \u00e1llunk rendelkez\u00e9sre irodaterek kialak\u00edt\u00e1s\u00e1ban.Nagy kedvenc a hatalmas indusztri\u00e1l terek \u00fajragondol\u00e1sa, loft st\u00edlusban. A Delta-Truck ezt a teret kor\u00e1bban szerel\u0151hang\u00e1rnak haszn\u00e1lta, s mivel b\u0151v\u00fclt az irodai csapatuk elengedhetetlen volt ezt a helyet is kihaszn\u00e1lni. A t\u00e9r adotts\u00e1gai t\u00f6k\u00e9letesen alkalmas volt ac\u00e9lszerkezet\u0171 [&hellip;]<\/p>","protected":false},"author":1,"featured_media":0,"parent":0,"menu_order":0,"comment_status":"closed","ping_status":"closed","template":"","meta":{"_et_pb_use_builder":"on","_et_pb_old_content":"","_et_gb_content_width":"","footnotes":""},"class_list":["post-781","page","type-page","status-publish","hentry"],"yoast_head":"<!-- This site is optimized with the Yoast SEO Premium plugin v23.1 (Yoast SEO v25.6) - https:\/\/yoast.com\/wordpress\/plugins\/seo\/ -->\n<title>Irodaterek kialak\u00edt\u00e1sa - TheStylePolice<\/title>\n<meta name=\"robots\" content=\"index, follow, max-snippet:-1, max-image-preview:large, max-video-preview:-1\" \/>\n<link rel=\"canonical\" href=\"https:\/\/the-style-police.com\/en\/irodaterek-kialakitasa\/\" \/>\n<meta property=\"og:locale\" content=\"en_GB\" \/>\n<meta property=\"og:type\" content=\"article\" \/>\n<meta property=\"og:title\" content=\"Irodaterek kialak\u00edt\u00e1sa\" \/>\n<meta property=\"og:description\" content=\"DELTA TRUCK KFT. - \u00faj irodat\u00e9r kialak\u00edt\u00e1sa \/\/\/ new office design 2021 Szak\u00e9rtelm\u00fcnkkel \u00e9s tapasztalatunkkal \u00e1llunk rendelkez\u00e9sre irodaterek kialak\u00edt\u00e1s\u00e1ban.Nagy kedvenc a hatalmas indusztri\u00e1l terek \u00fajragondol\u00e1sa, loft st\u00edlusban. A Delta-Truck ezt a teret kor\u00e1bban szerel\u0151hang\u00e1rnak haszn\u00e1lta, s mivel b\u0151v\u00fclt az irodai csapatuk elengedhetetlen volt ezt a helyet is kihaszn\u00e1lni. A t\u00e9r adotts\u00e1gai t\u00f6k\u00e9letesen alkalmas volt ac\u00e9lszerkezet\u0171 [&hellip;]\" \/>\n<meta property=\"og:url\" content=\"https:\/\/the-style-police.com\/en\/irodaterek-kialakitasa\/\" \/>\n<meta property=\"og:site_name\" content=\"TheStylePolice\" \/>\n<meta property=\"article:modified_time\" content=\"2024-04-23T17:54:20+00:00\" \/>\n<meta name=\"twitter:card\" content=\"summary_large_image\" \/>\n<meta name=\"twitter:label1\" content=\"Estimated reading time\" \/>\n\t<meta name=\"twitter:data1\" content=\"3 minutes\" \/>\n<script type=\"application\/ld+json\" class=\"yoast-schema-graph\">{\"@context\":\"https:\/\/schema.org\",\"@graph\":[{\"@type\":\"WebPage\",\"@id\":\"https:\/\/the-style-police.com\/irodaterek-kialakitasa\/\",\"url\":\"https:\/\/the-style-police.com\/irodaterek-kialakitasa\/\",\"name\":\"Irodaterek kialak\u00edt\u00e1sa - TheStylePolice\",\"isPartOf\":{\"@id\":\"https:\/\/the-style-police.com\/#website\"},\"datePublished\":\"2024-03-15T07:20:24+00:00\",\"dateModified\":\"2024-04-23T17:54:20+00:00\",\"breadcrumb\":{\"@id\":\"https:\/\/the-style-police.com\/irodaterek-kialakitasa\/#breadcrumb\"},\"inLanguage\":\"en-GB\",\"potentialAction\":[{\"@type\":\"ReadAction\",\"target\":[\"https:\/\/the-style-police.com\/irodaterek-kialakitasa\/\"]}]},{\"@type\":\"BreadcrumbList\",\"@id\":\"https:\/\/the-style-police.com\/irodaterek-kialakitasa\/#breadcrumb\",\"itemListElement\":[{\"@type\":\"ListItem\",\"position\":1,\"name\":\"Home\",\"item\":\"https:\/\/the-style-police.com\/\"},{\"@type\":\"ListItem\",\"position\":2,\"name\":\"Irodaterek kialak\u00edt\u00e1sa\"}]},{\"@type\":\"WebSite\",\"@id\":\"https:\/\/the-style-police.com\/#website\",\"url\":\"https:\/\/the-style-police.com\/\",\"name\":\"TheStylePolice\",\"description\":\"Against Visual Crimes\",\"potentialAction\":[{\"@type\":\"SearchAction\",\"target\":{\"@type\":\"EntryPoint\",\"urlTemplate\":\"https:\/\/the-style-police.com\/?s={search_term_string}\"},\"query-input\":{\"@type\":\"PropertyValueSpecification\",\"valueRequired\":true,\"valueName\":\"search_term_string\"}}],\"inLanguage\":\"en-GB\"}]}<\/script>\n<!-- \/ Yoast SEO Premium plugin. -->","yoast_head_json":{"title":"Irodaterek kialak\u00edt\u00e1sa - TheStylePolice","robots":{"index":"index","follow":"follow","max-snippet":"max-snippet:-1","max-image-preview":"max-image-preview:large","max-video-preview":"max-video-preview:-1"},"canonical":"https:\/\/the-style-police.com\/en\/irodaterek-kialakitasa\/","og_locale":"en_GB","og_type":"article","og_title":"Irodaterek kialak\u00edt\u00e1sa","og_description":"DELTA TRUCK KFT. - \u00faj irodat\u00e9r kialak\u00edt\u00e1sa \/\/\/ new office design 2021 Szak\u00e9rtelm\u00fcnkkel \u00e9s tapasztalatunkkal \u00e1llunk rendelkez\u00e9sre irodaterek kialak\u00edt\u00e1s\u00e1ban.Nagy kedvenc a hatalmas indusztri\u00e1l terek \u00fajragondol\u00e1sa, loft st\u00edlusban. A Delta-Truck ezt a teret kor\u00e1bban szerel\u0151hang\u00e1rnak haszn\u00e1lta, s mivel b\u0151v\u00fclt az irodai csapatuk elengedhetetlen volt ezt a helyet is kihaszn\u00e1lni. A t\u00e9r adotts\u00e1gai t\u00f6k\u00e9letesen alkalmas volt ac\u00e9lszerkezet\u0171 [&hellip;]","og_url":"https:\/\/the-style-police.com\/en\/irodaterek-kialakitasa\/","og_site_name":"TheStylePolice","article_modified_time":"2024-04-23T17:54:20+00:00","twitter_card":"summary_large_image","twitter_misc":{"Estimated reading time":"3 minutes"},"schema":{"@context":"https:\/\/schema.org","@graph":[{"@type":"WebPage","@id":"https:\/\/the-style-police.com\/irodaterek-kialakitasa\/","url":"https:\/\/the-style-police.com\/irodaterek-kialakitasa\/","name":"Irodaterek kialak\u00edt\u00e1sa - TheStylePolice","isPartOf":{"@id":"https:\/\/the-style-police.com\/#website"},"datePublished":"2024-03-15T07:20:24+00:00","dateModified":"2024-04-23T17:54:20+00:00","breadcrumb":{"@id":"https:\/\/the-style-police.com\/irodaterek-kialakitasa\/#breadcrumb"},"inLanguage":"en-GB","potentialAction":[{"@type":"ReadAction","target":["https:\/\/the-style-police.com\/irodaterek-kialakitasa\/"]}]},{"@type":"BreadcrumbList","@id":"https:\/\/the-style-police.com\/irodaterek-kialakitasa\/#breadcrumb","itemListElement":[{"@type":"ListItem","position":1,"name":"Home","item":"https:\/\/the-style-police.com\/"},{"@type":"ListItem","position":2,"name":"Irodaterek kialak\u00edt\u00e1sa"}]},{"@type":"WebSite","@id":"https:\/\/the-style-police.com\/#website","url":"https:\/\/the-style-police.com\/","name":"TheStylePolice","description":"Against Visual Crimes","potentialAction":[{"@type":"SearchAction","target":{"@type":"EntryPoint","urlTemplate":"https:\/\/the-style-police.com\/?s={search_term_string}"},"query-input":{"@type":"PropertyValueSpecification","valueRequired":true,"valueName":"search_term_string"}}],"inLanguage":"en-GB"}]}},"_links":{"self":[{"href":"https:\/\/the-style-police.com\/en\/wp-json\/wp\/v2\/pages\/781"}],"collection":[{"href":"https:\/\/the-style-police.com\/en\/wp-json\/wp\/v2\/pages"}],"about":[{"href":"https:\/\/the-style-police.com\/en\/wp-json\/wp\/v2\/types\/page"}],"author":[{"embeddable":true,"href":"https:\/\/the-style-police.com\/en\/wp-json\/wp\/v2\/users\/1"}],"replies":[{"embeddable":true,"href":"https:\/\/the-style-police.com\/en\/wp-json\/wp\/v2\/comments?post=781"}],"version-history":[{"count":5,"href":"https:\/\/the-style-police.com\/en\/wp-json\/wp\/v2\/pages\/781\/revisions"}],"predecessor-version":[{"id":995,"href":"https:\/\/the-style-police.com\/en\/wp-json\/wp\/v2\/pages\/781\/revisions\/995"}],"wp:attachment":[{"href":"https:\/\/the-style-police.com\/en\/wp-json\/wp\/v2\/media?parent=781"}],"curies":[{"name":"wp","href":"https:\/\/api.w.org\/{rel}","templated":true}]}}