{"id":775,"date":"2024-03-15T07:38:03","date_gmt":"2024-03-15T06:38:03","guid":{"rendered":"https:\/\/the-style-police.com\/?page_id=775"},"modified":"2024-07-09T15:22:14","modified_gmt":"2024-07-09T13:22:14","slug":"100-ban-onfenntarto-oko-konnyuszerkezetes-hazak-tervezese","status":"publish","type":"page","link":"https:\/\/the-style-police.com\/en\/100-ban-onfenntarto-oko-konnyuszerkezetes-hazak-tervezese\/","title":{"rendered":"Design of 100% self-sustaining eco lightweight houses"},"content":{"rendered":"<p>[et_pb_section fb_built=&#8221;1&#8243; admin_label=&#8221;Header&#8221; _builder_version=&#8221;4.24.2&#8243; _module_preset=&#8221;default&#8221; background_enable_color=&#8221;off&#8221; background_color_gradient_direction=&#8221;90deg&#8221; background_image=&#8221;https:\/\/the-style-police.com\/wp-content\/uploads\/2024\/03\/campy_DSF2265-retus-1.webp&#8221; height=&#8221;100vh&#8221; overflow-x=&#8221;hidden&#8221; overflow-y=&#8221;hidden&#8221; custom_padding=&#8221;0px||0px||false|false&#8221; global_colors_info=&#8221;{%22gcid-69e972fe-da24-4a3a-ae69-014a9d9ad22b%22:%91%22colorStart%22%93}&#8221;][et_pb_row _builder_version=&#8221;4.24.2&#8243; _module_preset=&#8221;default&#8221; custom_margin=&#8221;10%|||10%|false|false&#8221; global_colors_info=&#8221;{}&#8221;][et_pb_column type=&#8221;4_4&#8243; _builder_version=&#8221;4.24.2&#8243; _module_preset=&#8221;default&#8221; global_colors_info=&#8221;{}&#8221;][et_pb_text _builder_version=&#8221;4.26.0&#8243; _module_preset=&#8221;e598b17a-9229-42f6-b238-019d6094332e&#8221; text_text_color=&#8221;#FFFFFF&#8221; text_font_size=&#8221;18px&#8221; header_font=&#8221;Jura||||||||&#8221; header_text_color=&#8221;#FFFFFF&#8221; header_font_size=&#8221;50px&#8221; header_line_height=&#8221;1.1em&#8221; background_enable_color=&#8221;off&#8221; background_enable_image=&#8221;off&#8221; background_size=&#8221;initial&#8221; background_position=&#8221;top_right&#8221; custom_margin=&#8221;||||false|false&#8221; hover_enabled=&#8221;0&#8243; header_font_size_tablet=&#8221;50px&#8221; header_font_size_phone=&#8221;30px&#8221; header_font_size_last_edited=&#8221;on|phone&#8221; header_line_height_tablet=&#8221;1.2em&#8221; header_line_height_phone=&#8221;1.2em&#8221; header_line_height_last_edited=&#8221;on|desktop&#8221; box_shadow_style=&#8221;preset6&#8243; box_shadow_spread=&#8221;80px&#8221; locked=&#8221;off&#8221; global_colors_info=&#8221;{}&#8221; sticky_enabled=&#8221;0&#8243;]<\/p>\n<h1>1OO%-ban \u00f6nfenntart\u00f3 \u00f6ko k\u00f6nny\u0171szerkezetes h\u00e1zak tervez\u00e9se<\/h1>\n<p>Among our core values, environmental consciousness plays a crucial role, as we are committed to offering stylish yet eco-friendly solutions to our clients.<\/p>\n<p>[\/et_pb_text][\/et_pb_column][\/et_pb_row][\/et_pb_section][et_pb_section fb_built=&#8221;1&#8243; admin_label=&#8221;Header&#8221; _builder_version=&#8221;4.16&#8243; _module_preset=&#8221;default&#8221; background_color=&#8221;#FFFAF4&#8243; overflow-x=&#8221;hidden&#8221; overflow-y=&#8221;hidden&#8221; custom_padding=&#8221;0px||0px||true|false&#8221; global_colors_info=&#8221;{}&#8221;][et_pb_row _builder_version=&#8221;4.24.2&#8243; _module_preset=&#8221;default&#8221; global_colors_info=&#8221;{}&#8221;][et_pb_column type=&#8221;4_4&#8243; _builder_version=&#8221;4.24.2&#8243; _module_preset=&#8221;default&#8221; global_colors_info=&#8221;{}&#8221;][et_pb_text _builder_version=&#8221;4.25.0&#8243; _module_preset=&#8221;7262e956-c376-4aa6-9642-c413f71527d0&#8243; text_font_size=&#8221;18px&#8221; text_line_height=&#8221;1.8em&#8221; custom_margin=&#8221;30px||||false|false&#8221; text_font_size_tablet=&#8221;&#8221; text_font_size_phone=&#8221;13px&#8221; text_font_size_last_edited=&#8221;on|phone&#8221; header_font_size_tablet=&#8221;55px&#8221; header_font_size_last_edited=&#8221;off|desktop&#8221; locked=&#8221;off&#8221; global_colors_info=&#8221;{}&#8221;]<\/p>\n<p><span>Our latest work, the 100% self-sustaining eco guest house designed by Eszter Bodi and built by us, the <a href=\"https:\/\/hellocampy.com\/hu\/\" target=\"_blank\" rel=\"noopener\">Campy<\/a>. <\/span><\/p>\n<p><span>During the construction of the building, we prioritized sustainability, and we also followed clean Scandinavian sustainable design solutions for the interior design. <\/span><\/p>\n<p><span>We are committed to grid-independent solutions, we strive for the smallest ecological footprint, while you can count the stars through the glass roof. <\/span><\/p>\n<p><span>If you want such a secluded cottage away from everything, we will design it and build it for you.\u00a0<\/span><\/p>\n<p>[\/et_pb_text][\/et_pb_column][\/et_pb_row][\/et_pb_section][et_pb_section fb_built=&#8221;1&#8243; admin_label=&#8221;Details&#8221; _builder_version=&#8221;4.16&#8243; _module_preset=&#8221;default&#8221; background_color=&#8221;#FFFAF4&#8243; custom_padding=&#8221;0px||||false|false&#8221; global_colors_info=&#8221;{}&#8221;][et_pb_row _builder_version=&#8221;4.16&#8243; _module_preset=&#8221;default&#8221; custom_padding=&#8221;0px||||false|false&#8221; global_colors_info=&#8221;{}&#8221;][et_pb_column type=&#8221;4_4&#8243; _builder_version=&#8221;4.16&#8243; _module_preset=&#8221;default&#8221; global_colors_info=&#8221;{}&#8221;][et_pb_image src=&#8221;https:\/\/the-style-police.com\/wp-content\/uploads\/2024\/03\/campy_BAT7380-4.webp&#8221; title_text=&#8221;campy_BAT7380 (4)&#8221; _builder_version=&#8221;4.24.2&#8243; _module_preset=&#8221;default&#8221; global_colors_info=&#8221;{}&#8221;][\/et_pb_image][\/et_pb_column][\/et_pb_row][et_pb_row column_structure=&#8221;1_3,1_3,1_3&#8243; use_custom_gutter=&#8221;on&#8221; gutter_width=&#8221;2&#8243; _builder_version=&#8221;4.16&#8243; _module_preset=&#8221;default&#8221; custom_padding=&#8221;0px||||false|false&#8221; global_colors_info=&#8221;{}&#8221;][et_pb_column type=&#8221;1_3&#8243; _builder_version=&#8221;4.16&#8243; _module_preset=&#8221;default&#8221; global_colors_info=&#8221;{}&#8221;][et_pb_image src=&#8221;https:\/\/the-style-police.com\/wp-content\/uploads\/2024\/03\/campy_BAT7499-3.webp&#8221; title_text=&#8221;campy_BAT7499 (3)&#8221; _builder_version=&#8221;4.24.2&#8243; _module_preset=&#8221;default&#8221; global_colors_info=&#8221;{}&#8221;][\/et_pb_image][et_pb_image src=&#8221;https:\/\/the-style-police.com\/wp-content\/uploads\/2024\/03\/campy_BAT7494-1.webp&#8221; title_text=&#8221;campy_BAT7494 (1)&#8221; _builder_version=&#8221;4.24.2&#8243; _module_preset=&#8221;default&#8221; global_colors_info=&#8221;{}&#8221;][\/et_pb_image][\/et_pb_column][et_pb_column type=&#8221;1_3&#8243; _builder_version=&#8221;4.16&#8243; _module_preset=&#8221;default&#8221; global_colors_info=&#8221;{}&#8221;][et_pb_image src=&#8221;https:\/\/the-style-police.com\/wp-content\/uploads\/2024\/03\/campy_BAT7377-6.webp&#8221; title_text=&#8221;campy_BAT7377 (6)&#8221; _builder_version=&#8221;4.24.2&#8243; _module_preset=&#8221;default&#8221; global_colors_info=&#8221;{}&#8221;][\/et_pb_image][et_pb_image src=&#8221;https:\/\/the-style-police.com\/wp-content\/uploads\/2024\/03\/campy_DSF2070-2.webp&#8221; title_text=&#8221;campy_DSF2070 (2)&#8221; _builder_version=&#8221;4.24.2&#8243; _module_preset=&#8221;default&#8221; global_colors_info=&#8221;{}&#8221;][\/et_pb_image][\/et_pb_column][et_pb_column type=&#8221;1_3&#8243; _builder_version=&#8221;4.16&#8243; _module_preset=&#8221;default&#8221; global_colors_info=&#8221;{}&#8221;][et_pb_image src=&#8221;https:\/\/the-style-police.com\/wp-content\/uploads\/2024\/03\/campy_BAT7415-3.webp&#8221; title_text=&#8221;campy_BAT7415 (3)&#8221; _builder_version=&#8221;4.24.2&#8243; _module_preset=&#8221;default&#8221; global_colors_info=&#8221;{}&#8221;][\/et_pb_image][et_pb_image src=&#8221;https:\/\/the-style-police.com\/wp-content\/uploads\/2024\/03\/campy_DSF2132.webp&#8221; title_text=&#8221;campy_DSF2132&#8243; _builder_version=&#8221;4.24.2&#8243; _module_preset=&#8221;default&#8221; global_colors_info=&#8221;{}&#8221;][\/et_pb_image][\/et_pb_column][\/et_pb_row][\/et_pb_section]<\/p>","protected":false},"excerpt":{"rendered":"<p>1OO%-ban \u00f6nfenntart\u00f3 \u00f6ko k\u00f6nny\u0171szerkezetes h\u00e1zak tervez\u00e9se A f\u0151 \u00e9rt\u00e9keink k\u00f6z\u00f6tt kiemelten fontos szerepet kap a k\u00f6rnyezettudatoss\u00e1g, hiszen elk\u00f6telezettek vagyunk az\u00e1ltal, hogy st\u00edlusos \u00e9s egyben k\u00f6rnyezetbar\u00e1t megold\u00e1sokat k\u00edn\u00e1ljunk \u00fcgyfeleinknek.Leg\u00fajabb munk\u00e1nk, a Bodi Eszter \u00e1ltal tervezett \u00e9s \u00e1ltalunk kivitelezett 100%-ban\u00a0\u00f6nfenntart\u00f3 \u00f6ko vend\u00e9gh\u00e1z, a Campy. Az \u00e9p\u00fclet \u00e9p\u00edt\u00e9se sor\u00e1n el\u0151t\u00e9rbe helyezt\u00fck a\u00a0fenntarthat\u00f3s\u00e1got, valamint az enteri\u0151r tervez\u00e9s\u00e9n\u00e9l is a [&hellip;]<\/p>","protected":false},"author":1,"featured_media":0,"parent":0,"menu_order":0,"comment_status":"closed","ping_status":"closed","template":"","meta":{"_et_pb_use_builder":"on","_et_pb_old_content":"","_et_gb_content_width":"","footnotes":""},"class_list":["post-775","page","type-page","status-publish","hentry"],"yoast_head":"<!-- This site is optimized with the Yoast SEO Premium plugin v23.1 (Yoast SEO v25.6) - https:\/\/yoast.com\/wordpress\/plugins\/seo\/ -->\n<title>100%-ban \u00f6nfenntart\u00f3 \u00f6ko k\u00f6nny\u0171szerkezetes h\u00e1zak tervez\u00e9se - TheStylePolice<\/title>\n<meta name=\"robots\" content=\"index, follow, max-snippet:-1, max-image-preview:large, max-video-preview:-1\" \/>\n<link rel=\"canonical\" href=\"https:\/\/the-style-police.com\/en\/100-ban-onfenntarto-oko-konnyuszerkezetes-hazak-tervezese\/\" \/>\n<meta property=\"og:locale\" content=\"en_GB\" \/>\n<meta property=\"og:type\" content=\"article\" \/>\n<meta property=\"og:title\" content=\"100%-ban \u00f6nfenntart\u00f3 \u00f6ko k\u00f6nny\u0171szerkezetes h\u00e1zak tervez\u00e9se\" \/>\n<meta property=\"og:description\" content=\"1OO%-ban \u00f6nfenntart\u00f3 \u00f6ko k\u00f6nny\u0171szerkezetes h\u00e1zak tervez\u00e9se A f\u0151 \u00e9rt\u00e9keink k\u00f6z\u00f6tt kiemelten fontos szerepet kap a k\u00f6rnyezettudatoss\u00e1g, hiszen elk\u00f6telezettek vagyunk az\u00e1ltal, hogy st\u00edlusos \u00e9s egyben k\u00f6rnyezetbar\u00e1t megold\u00e1sokat k\u00edn\u00e1ljunk \u00fcgyfeleinknek.Leg\u00fajabb munk\u00e1nk, a Bodi Eszter \u00e1ltal tervezett \u00e9s \u00e1ltalunk kivitelezett 100%-ban\u00a0\u00f6nfenntart\u00f3 \u00f6ko vend\u00e9gh\u00e1z, a Campy. Az \u00e9p\u00fclet \u00e9p\u00edt\u00e9se sor\u00e1n el\u0151t\u00e9rbe helyezt\u00fck a\u00a0fenntarthat\u00f3s\u00e1got, valamint az enteri\u0151r tervez\u00e9s\u00e9n\u00e9l is a [&hellip;]\" \/>\n<meta property=\"og:url\" content=\"https:\/\/the-style-police.com\/en\/100-ban-onfenntarto-oko-konnyuszerkezetes-hazak-tervezese\/\" \/>\n<meta property=\"og:site_name\" content=\"TheStylePolice\" \/>\n<meta property=\"article:modified_time\" content=\"2024-07-09T13:22:14+00:00\" \/>\n<meta name=\"twitter:card\" content=\"summary_large_image\" \/>\n<meta name=\"twitter:label1\" content=\"Estimated reading time\" \/>\n\t<meta name=\"twitter:data1\" content=\"4 minutes\" \/>\n<script type=\"application\/ld+json\" class=\"yoast-schema-graph\">{\"@context\":\"https:\/\/schema.org\",\"@graph\":[{\"@type\":\"WebPage\",\"@id\":\"https:\/\/the-style-police.com\/100-ban-onfenntarto-oko-konnyuszerkezetes-hazak-tervezese\/\",\"url\":\"https:\/\/the-style-police.com\/100-ban-onfenntarto-oko-konnyuszerkezetes-hazak-tervezese\/\",\"name\":\"100%-ban \u00f6nfenntart\u00f3 \u00f6ko k\u00f6nny\u0171szerkezetes h\u00e1zak tervez\u00e9se - TheStylePolice\",\"isPartOf\":{\"@id\":\"https:\/\/the-style-police.com\/#website\"},\"datePublished\":\"2024-03-15T06:38:03+00:00\",\"dateModified\":\"2024-07-09T13:22:14+00:00\",\"breadcrumb\":{\"@id\":\"https:\/\/the-style-police.com\/100-ban-onfenntarto-oko-konnyuszerkezetes-hazak-tervezese\/#breadcrumb\"},\"inLanguage\":\"en-GB\",\"potentialAction\":[{\"@type\":\"ReadAction\",\"target\":[\"https:\/\/the-style-police.com\/100-ban-onfenntarto-oko-konnyuszerkezetes-hazak-tervezese\/\"]}]},{\"@type\":\"BreadcrumbList\",\"@id\":\"https:\/\/the-style-police.com\/100-ban-onfenntarto-oko-konnyuszerkezetes-hazak-tervezese\/#breadcrumb\",\"itemListElement\":[{\"@type\":\"ListItem\",\"position\":1,\"name\":\"Home\",\"item\":\"https:\/\/the-style-police.com\/\"},{\"@type\":\"ListItem\",\"position\":2,\"name\":\"100%-ban \u00f6nfenntart\u00f3 \u00f6ko k\u00f6nny\u0171szerkezetes h\u00e1zak tervez\u00e9se\"}]},{\"@type\":\"WebSite\",\"@id\":\"https:\/\/the-style-police.com\/#website\",\"url\":\"https:\/\/the-style-police.com\/\",\"name\":\"TheStylePolice\",\"description\":\"Against Visual Crimes\",\"potentialAction\":[{\"@type\":\"SearchAction\",\"target\":{\"@type\":\"EntryPoint\",\"urlTemplate\":\"https:\/\/the-style-police.com\/?s={search_term_string}\"},\"query-input\":{\"@type\":\"PropertyValueSpecification\",\"valueRequired\":true,\"valueName\":\"search_term_string\"}}],\"inLanguage\":\"en-GB\"}]}<\/script>\n<!-- \/ Yoast SEO Premium plugin. -->","yoast_head_json":{"title":"100%-ban \u00f6nfenntart\u00f3 \u00f6ko k\u00f6nny\u0171szerkezetes h\u00e1zak tervez\u00e9se - TheStylePolice","robots":{"index":"index","follow":"follow","max-snippet":"max-snippet:-1","max-image-preview":"max-image-preview:large","max-video-preview":"max-video-preview:-1"},"canonical":"https:\/\/the-style-police.com\/en\/100-ban-onfenntarto-oko-konnyuszerkezetes-hazak-tervezese\/","og_locale":"en_GB","og_type":"article","og_title":"100%-ban \u00f6nfenntart\u00f3 \u00f6ko k\u00f6nny\u0171szerkezetes h\u00e1zak tervez\u00e9se","og_description":"1OO%-ban \u00f6nfenntart\u00f3 \u00f6ko k\u00f6nny\u0171szerkezetes h\u00e1zak tervez\u00e9se A f\u0151 \u00e9rt\u00e9keink k\u00f6z\u00f6tt kiemelten fontos szerepet kap a k\u00f6rnyezettudatoss\u00e1g, hiszen elk\u00f6telezettek vagyunk az\u00e1ltal, hogy st\u00edlusos \u00e9s egyben k\u00f6rnyezetbar\u00e1t megold\u00e1sokat k\u00edn\u00e1ljunk \u00fcgyfeleinknek.Leg\u00fajabb munk\u00e1nk, a Bodi Eszter \u00e1ltal tervezett \u00e9s \u00e1ltalunk kivitelezett 100%-ban\u00a0\u00f6nfenntart\u00f3 \u00f6ko vend\u00e9gh\u00e1z, a Campy. Az \u00e9p\u00fclet \u00e9p\u00edt\u00e9se sor\u00e1n el\u0151t\u00e9rbe helyezt\u00fck a\u00a0fenntarthat\u00f3s\u00e1got, valamint az enteri\u0151r tervez\u00e9s\u00e9n\u00e9l is a [&hellip;]","og_url":"https:\/\/the-style-police.com\/en\/100-ban-onfenntarto-oko-konnyuszerkezetes-hazak-tervezese\/","og_site_name":"TheStylePolice","article_modified_time":"2024-07-09T13:22:14+00:00","twitter_card":"summary_large_image","twitter_misc":{"Estimated reading time":"4 minutes"},"schema":{"@context":"https:\/\/schema.org","@graph":[{"@type":"WebPage","@id":"https:\/\/the-style-police.com\/100-ban-onfenntarto-oko-konnyuszerkezetes-hazak-tervezese\/","url":"https:\/\/the-style-police.com\/100-ban-onfenntarto-oko-konnyuszerkezetes-hazak-tervezese\/","name":"100%-ban \u00f6nfenntart\u00f3 \u00f6ko k\u00f6nny\u0171szerkezetes h\u00e1zak tervez\u00e9se - TheStylePolice","isPartOf":{"@id":"https:\/\/the-style-police.com\/#website"},"datePublished":"2024-03-15T06:38:03+00:00","dateModified":"2024-07-09T13:22:14+00:00","breadcrumb":{"@id":"https:\/\/the-style-police.com\/100-ban-onfenntarto-oko-konnyuszerkezetes-hazak-tervezese\/#breadcrumb"},"inLanguage":"en-GB","potentialAction":[{"@type":"ReadAction","target":["https:\/\/the-style-police.com\/100-ban-onfenntarto-oko-konnyuszerkezetes-hazak-tervezese\/"]}]},{"@type":"BreadcrumbList","@id":"https:\/\/the-style-police.com\/100-ban-onfenntarto-oko-konnyuszerkezetes-hazak-tervezese\/#breadcrumb","itemListElement":[{"@type":"ListItem","position":1,"name":"Home","item":"https:\/\/the-style-police.com\/"},{"@type":"ListItem","position":2,"name":"100%-ban \u00f6nfenntart\u00f3 \u00f6ko k\u00f6nny\u0171szerkezetes h\u00e1zak tervez\u00e9se"}]},{"@type":"WebSite","@id":"https:\/\/the-style-police.com\/#website","url":"https:\/\/the-style-police.com\/","name":"TheStylePolice","description":"Against Visual Crimes","potentialAction":[{"@type":"SearchAction","target":{"@type":"EntryPoint","urlTemplate":"https:\/\/the-style-police.com\/?s={search_term_string}"},"query-input":{"@type":"PropertyValueSpecification","valueRequired":true,"valueName":"search_term_string"}}],"inLanguage":"en-GB"}]}},"_links":{"self":[{"href":"https:\/\/the-style-police.com\/en\/wp-json\/wp\/v2\/pages\/775"}],"collection":[{"href":"https:\/\/the-style-police.com\/en\/wp-json\/wp\/v2\/pages"}],"about":[{"href":"https:\/\/the-style-police.com\/en\/wp-json\/wp\/v2\/types\/page"}],"author":[{"embeddable":true,"href":"https:\/\/the-style-police.com\/en\/wp-json\/wp\/v2\/users\/1"}],"replies":[{"embeddable":true,"href":"https:\/\/the-style-police.com\/en\/wp-json\/wp\/v2\/comments?post=775"}],"version-history":[{"count":7,"href":"https:\/\/the-style-police.com\/en\/wp-json\/wp\/v2\/pages\/775\/revisions"}],"predecessor-version":[{"id":1088,"href":"https:\/\/the-style-police.com\/en\/wp-json\/wp\/v2\/pages\/775\/revisions\/1088"}],"wp:attachment":[{"href":"https:\/\/the-style-police.com\/en\/wp-json\/wp\/v2\/media?parent=775"}],"curies":[{"name":"wp","href":"https:\/\/api.w.org\/{rel}","templated":true}]}}