{"id":1015,"date":"2024-04-28T17:49:35","date_gmt":"2024-04-28T15:49:35","guid":{"rendered":"https:\/\/the-style-police.com\/?page_id=1015"},"modified":"2024-05-08T22:02:43","modified_gmt":"2024-05-08T20:02:43","slug":"egyedi-otthonok-szemelyre-szabva-a-tol-z-ig","status":"publish","type":"page","link":"https:\/\/the-style-police.com\/en\/egyedi-otthonok-szemelyre-szabva-a-tol-z-ig\/","title":{"rendered":"Customization of unique homes from A to Z"},"content":{"rendered":"<p>[et_pb_section fb_built=&#8221;1&#8243; admin_label=&#8221;Header&#8221; _builder_version=&#8221;4.25.0&#8243; _module_preset=&#8221;default&#8221; background_enable_color=&#8221;off&#8221; background_color_gradient_direction=&#8221;90deg&#8221; background_image=&#8221;https:\/\/the-style-police.com\/wp-content\/uploads\/2024\/04\/DSC2993_web.webp&#8221; height=&#8221;100vh&#8221; overflow-x=&#8221;hidden&#8221; overflow-y=&#8221;hidden&#8221; custom_padding=&#8221;0px||0px||false|false&#8221; locked=&#8221;off&#8221; global_colors_info=&#8221;{%22gcid-69e972fe-da24-4a3a-ae69-014a9d9ad22b%22:%91%22colorStart%22%93}&#8221;][et_pb_row _builder_version=&#8221;4.24.2&#8243; _module_preset=&#8221;default&#8221; custom_margin=&#8221;10%|||10%|false|false&#8221; global_colors_info=&#8221;{}&#8221;][et_pb_column type=&#8221;4_4&#8243; _builder_version=&#8221;4.24.2&#8243; _module_preset=&#8221;default&#8221; global_colors_info=&#8221;{}&#8221;][et_pb_text _builder_version=&#8221;4.25.0&#8243; _module_preset=&#8221;e598b17a-9229-42f6-b238-019d6094332e&#8221; text_text_color=&#8221;#FFFFFF&#8221; text_font_size=&#8221;18px&#8221; link_text_color=&#8221;#FFFFFF&#8221; header_font=&#8221;Jura||||||||&#8221; header_text_color=&#8221;#FFFFFF&#8221; header_font_size=&#8221;50px&#8221; header_line_height=&#8221;1.1em&#8221; background_enable_color=&#8221;off&#8221; background_enable_image=&#8221;off&#8221; background_size=&#8221;initial&#8221; background_position=&#8221;top_right&#8221; custom_margin=&#8221;|-19px|||false|false&#8221; custom_padding=&#8221;|0px||||&#8221; hover_enabled=&#8221;0&#8243; header_font_size_tablet=&#8221;50px&#8221; header_font_size_phone=&#8221;30px&#8221; header_font_size_last_edited=&#8221;on|phone&#8221; header_line_height_tablet=&#8221;1.2em&#8221; header_line_height_phone=&#8221;1.2em&#8221; header_line_height_last_edited=&#8221;on|desktop&#8221; box_shadow_style=&#8221;preset6&#8243; box_shadow_spread=&#8221;80px&#8221; locked=&#8221;off&#8221; global_colors_info=&#8221;{}&#8221; sticky_enabled=&#8221;0&#8243;]<\/p>\n<h1>Customization of unique homes from A to Z<\/h1>\n<p>We provide a complete service, from conception and planning to implementation, all tailored to the customer's needs.<br \/>\n[\/et_pb_text][\/et_pb_column][\/et_pb_row][\/et_pb_section][et_pb_section fb_built=&#8221;1&#8243; admin_label=&#8221;Details&#8221; _builder_version=&#8221;4.16&#8243; _module_preset=&#8221;default&#8221; background_color=&#8221;#FFFAF4&#8243; custom_padding=&#8221;0px||||false|false&#8221; global_colors_info=&#8221;{}&#8221;][et_pb_row _builder_version=&#8221;4.24.2&#8243; _module_preset=&#8221;default&#8221; global_colors_info=&#8221;{}&#8221;][et_pb_column type=&#8221;4_4&#8243; _builder_version=&#8221;4.24.2&#8243; _module_preset=&#8221;default&#8221; global_colors_info=&#8221;{}&#8221;][et_pb_gallery gallery_ids=&#8221;1017,1030,1029,1027,1026,1025,1024,1023,1022,1021,1020,1019,1018&#8243; posts_number=&#8221;12&#8243; orientation=&#8221;portrait&#8221; show_title_and_caption=&#8221;off&#8221; show_pagination=&#8221;off&#8221; _builder_version=&#8221;4.25.0&#8243; _module_preset=&#8221;default&#8221; global_colors_info=&#8221;{}&#8221;][\/et_pb_gallery][\/et_pb_column][\/et_pb_row][\/et_pb_section]<\/p>","protected":false},"excerpt":{"rendered":"<p>Egyedi otthonok szem\u00e9lyre szabva A-t\u00f3l Z-ig Komplett szolg\u00e1ltat\u00e1st ny\u00fajtunk, a meg\u00e1lmod\u00e1st\u00f3l, tervez\u00e9sen \u00e1t a megval\u00f3s\u00edt\u00e1sig, s mindezt a megrendel\u0151 ig\u00e9nyeihez szabva.<\/p>","protected":false},"author":3,"featured_media":0,"parent":0,"menu_order":0,"comment_status":"closed","ping_status":"closed","template":"","meta":{"_et_pb_use_builder":"on","_et_pb_old_content":"","_et_gb_content_width":"","footnotes":""},"class_list":["post-1015","page","type-page","status-publish","hentry"],"yoast_head":"<!-- This site is optimized with the Yoast SEO Premium plugin v23.1 (Yoast SEO v25.6) - https:\/\/yoast.com\/wordpress\/plugins\/seo\/ -->\n<title>Egyedi otthonok szem\u00e9lyre szabva A-t\u00f3l Z-ig - TheStylePolice<\/title>\n<meta name=\"robots\" content=\"index, follow, max-snippet:-1, max-image-preview:large, max-video-preview:-1\" \/>\n<link rel=\"canonical\" href=\"https:\/\/the-style-police.com\/en\/egyedi-otthonok-szemelyre-szabva-a-tol-z-ig\/\" \/>\n<meta property=\"og:locale\" content=\"en_GB\" \/>\n<meta property=\"og:type\" content=\"article\" \/>\n<meta property=\"og:title\" content=\"Egyedi otthonok szem\u00e9lyre szabva A-t\u00f3l Z-ig\" \/>\n<meta property=\"og:description\" content=\"Egyedi otthonok szem\u00e9lyre szabva A-t\u00f3l Z-ig Komplett szolg\u00e1ltat\u00e1st ny\u00fajtunk, a meg\u00e1lmod\u00e1st\u00f3l, tervez\u00e9sen \u00e1t a megval\u00f3s\u00edt\u00e1sig, s mindezt a megrendel\u0151 ig\u00e9nyeihez szabva.\" \/>\n<meta property=\"og:url\" content=\"https:\/\/the-style-police.com\/en\/egyedi-otthonok-szemelyre-szabva-a-tol-z-ig\/\" \/>\n<meta property=\"og:site_name\" content=\"TheStylePolice\" \/>\n<meta property=\"article:modified_time\" content=\"2024-05-08T20:02:43+00:00\" \/>\n<meta name=\"twitter:card\" content=\"summary_large_image\" \/>\n<meta name=\"twitter:label1\" content=\"Estimated reading time\" \/>\n\t<meta name=\"twitter:data1\" content=\"2 minutes\" \/>\n<script type=\"application\/ld+json\" class=\"yoast-schema-graph\">{\"@context\":\"https:\/\/schema.org\",\"@graph\":[{\"@type\":\"WebPage\",\"@id\":\"https:\/\/the-style-police.com\/egyedi-otthonok-szemelyre-szabva-a-tol-z-ig\/\",\"url\":\"https:\/\/the-style-police.com\/egyedi-otthonok-szemelyre-szabva-a-tol-z-ig\/\",\"name\":\"Egyedi otthonok szem\u00e9lyre szabva A-t\u00f3l Z-ig - TheStylePolice\",\"isPartOf\":{\"@id\":\"https:\/\/the-style-police.com\/#website\"},\"datePublished\":\"2024-04-28T15:49:35+00:00\",\"dateModified\":\"2024-05-08T20:02:43+00:00\",\"breadcrumb\":{\"@id\":\"https:\/\/the-style-police.com\/egyedi-otthonok-szemelyre-szabva-a-tol-z-ig\/#breadcrumb\"},\"inLanguage\":\"en-GB\",\"potentialAction\":[{\"@type\":\"ReadAction\",\"target\":[\"https:\/\/the-style-police.com\/egyedi-otthonok-szemelyre-szabva-a-tol-z-ig\/\"]}]},{\"@type\":\"BreadcrumbList\",\"@id\":\"https:\/\/the-style-police.com\/egyedi-otthonok-szemelyre-szabva-a-tol-z-ig\/#breadcrumb\",\"itemListElement\":[{\"@type\":\"ListItem\",\"position\":1,\"name\":\"Home\",\"item\":\"https:\/\/the-style-police.com\/\"},{\"@type\":\"ListItem\",\"position\":2,\"name\":\"Egyedi otthonok szem\u00e9lyre szabva A-t\u00f3l Z-ig\"}]},{\"@type\":\"WebSite\",\"@id\":\"https:\/\/the-style-police.com\/#website\",\"url\":\"https:\/\/the-style-police.com\/\",\"name\":\"TheStylePolice\",\"description\":\"Against Visual Crimes\",\"potentialAction\":[{\"@type\":\"SearchAction\",\"target\":{\"@type\":\"EntryPoint\",\"urlTemplate\":\"https:\/\/the-style-police.com\/?s={search_term_string}\"},\"query-input\":{\"@type\":\"PropertyValueSpecification\",\"valueRequired\":true,\"valueName\":\"search_term_string\"}}],\"inLanguage\":\"en-GB\"}]}<\/script>\n<!-- \/ Yoast SEO Premium plugin. -->","yoast_head_json":{"title":"Egyedi otthonok szem\u00e9lyre szabva A-t\u00f3l Z-ig - TheStylePolice","robots":{"index":"index","follow":"follow","max-snippet":"max-snippet:-1","max-image-preview":"max-image-preview:large","max-video-preview":"max-video-preview:-1"},"canonical":"https:\/\/the-style-police.com\/en\/egyedi-otthonok-szemelyre-szabva-a-tol-z-ig\/","og_locale":"en_GB","og_type":"article","og_title":"Egyedi otthonok szem\u00e9lyre szabva A-t\u00f3l Z-ig","og_description":"Egyedi otthonok szem\u00e9lyre szabva A-t\u00f3l Z-ig Komplett szolg\u00e1ltat\u00e1st ny\u00fajtunk, a meg\u00e1lmod\u00e1st\u00f3l, tervez\u00e9sen \u00e1t a megval\u00f3s\u00edt\u00e1sig, s mindezt a megrendel\u0151 ig\u00e9nyeihez szabva.","og_url":"https:\/\/the-style-police.com\/en\/egyedi-otthonok-szemelyre-szabva-a-tol-z-ig\/","og_site_name":"TheStylePolice","article_modified_time":"2024-05-08T20:02:43+00:00","twitter_card":"summary_large_image","twitter_misc":{"Estimated reading time":"2 minutes"},"schema":{"@context":"https:\/\/schema.org","@graph":[{"@type":"WebPage","@id":"https:\/\/the-style-police.com\/egyedi-otthonok-szemelyre-szabva-a-tol-z-ig\/","url":"https:\/\/the-style-police.com\/egyedi-otthonok-szemelyre-szabva-a-tol-z-ig\/","name":"Egyedi otthonok szem\u00e9lyre szabva A-t\u00f3l Z-ig - TheStylePolice","isPartOf":{"@id":"https:\/\/the-style-police.com\/#website"},"datePublished":"2024-04-28T15:49:35+00:00","dateModified":"2024-05-08T20:02:43+00:00","breadcrumb":{"@id":"https:\/\/the-style-police.com\/egyedi-otthonok-szemelyre-szabva-a-tol-z-ig\/#breadcrumb"},"inLanguage":"en-GB","potentialAction":[{"@type":"ReadAction","target":["https:\/\/the-style-police.com\/egyedi-otthonok-szemelyre-szabva-a-tol-z-ig\/"]}]},{"@type":"BreadcrumbList","@id":"https:\/\/the-style-police.com\/egyedi-otthonok-szemelyre-szabva-a-tol-z-ig\/#breadcrumb","itemListElement":[{"@type":"ListItem","position":1,"name":"Home","item":"https:\/\/the-style-police.com\/"},{"@type":"ListItem","position":2,"name":"Egyedi otthonok szem\u00e9lyre szabva A-t\u00f3l Z-ig"}]},{"@type":"WebSite","@id":"https:\/\/the-style-police.com\/#website","url":"https:\/\/the-style-police.com\/","name":"TheStylePolice","description":"Against Visual Crimes","potentialAction":[{"@type":"SearchAction","target":{"@type":"EntryPoint","urlTemplate":"https:\/\/the-style-police.com\/?s={search_term_string}"},"query-input":{"@type":"PropertyValueSpecification","valueRequired":true,"valueName":"search_term_string"}}],"inLanguage":"en-GB"}]}},"_links":{"self":[{"href":"https:\/\/the-style-police.com\/en\/wp-json\/wp\/v2\/pages\/1015"}],"collection":[{"href":"https:\/\/the-style-police.com\/en\/wp-json\/wp\/v2\/pages"}],"about":[{"href":"https:\/\/the-style-police.com\/en\/wp-json\/wp\/v2\/types\/page"}],"author":[{"embeddable":true,"href":"https:\/\/the-style-police.com\/en\/wp-json\/wp\/v2\/users\/3"}],"replies":[{"embeddable":true,"href":"https:\/\/the-style-police.com\/en\/wp-json\/wp\/v2\/comments?post=1015"}],"version-history":[{"count":4,"href":"https:\/\/the-style-police.com\/en\/wp-json\/wp\/v2\/pages\/1015\/revisions"}],"predecessor-version":[{"id":1046,"href":"https:\/\/the-style-police.com\/en\/wp-json\/wp\/v2\/pages\/1015\/revisions\/1046"}],"wp:attachment":[{"href":"https:\/\/the-style-police.com\/en\/wp-json\/wp\/v2\/media?parent=1015"}],"curies":[{"name":"wp","href":"https:\/\/api.w.org\/{rel}","templated":true}]}}